{"id":36,"date":"2012-06-30T13:16:30","date_gmt":"2012-06-30T11:16:30","guid":{"rendered":"http:\/\/localhost\/wordpress\/?page_id=36"},"modified":"2012-07-03T08:37:05","modified_gmt":"2012-07-03T06:37:05","slug":"veoleomemeo-die-archive","status":"publish","type":"page","link":"http:\/\/www.alfonso-online.de\/?page_id=36","title":{"rendered":"VEOLEOMEMEO &#8211; Archive"},"content":{"rendered":"<blockquote><p>Allem Anfang wohnt ein Schrecken inne.<br \/>\nWer wei\u00df, wie lange noch. Wer wei\u00df, wohin.<br \/>\nWir versuchen den Dreck aus der Karre zu ziehen, doch die Leichen unserer Erinnerung haben sich aus dem Staub gemacht. Sie nisten jetzt in unseren Tr\u00e4umen, schmieden nachts klirrend auf t\u00f6nenden Ambossen, spinnen mit Parzenf\u00e4den einen Weg, der die Erynnien zu uns f\u00fchrt.<br \/>\nWir harren der Dinge, die da kommen werden&#8230; Sie kommen fr\u00fch genug.<\/p><\/blockquote>\n<p style=\"text-align: right;\">(gelesen bei Tantontin)<\/p>\n","protected":false},"excerpt":{"rendered":"<p>Allem Anfang wohnt ein Schrecken inne. Wer wei\u00df, wie lange noch. Wer wei\u00df, wohin. Wir versuchen den Dreck aus der Karre zu ziehen, doch die Leichen unserer Erinnerung haben sich aus dem Staub gemacht. Sie nisten jetzt in unseren Tr\u00e4umen, schmieden nachts klirrend auf t\u00f6nenden Ambossen, spinnen mit Parzenf\u00e4den einen Weg, der die Erynnien zu [&hellip;]<\/p>\n","protected":false},"author":2,"featured_media":0,"parent":0,"menu_order":4,"comment_status":"closed","ping_status":"closed","template":"archives.php","meta":[],"_links":{"self":[{"href":"http:\/\/www.alfonso-online.de\/index.php?rest_route=\/wp\/v2\/pages\/36"}],"collection":[{"href":"http:\/\/www.alfonso-online.de\/index.php?rest_route=\/wp\/v2\/pages"}],"about":[{"href":"http:\/\/www.alfonso-online.de\/index.php?rest_route=\/wp\/v2\/types\/page"}],"author":[{"embeddable":true,"href":"http:\/\/www.alfonso-online.de\/index.php?rest_route=\/wp\/v2\/users\/2"}],"replies":[{"embeddable":true,"href":"http:\/\/www.alfonso-online.de\/index.php?rest_route=%2Fwp%2Fv2%2Fcomments&post=36"}],"version-history":[{"count":7,"href":"http:\/\/www.alfonso-online.de\/index.php?rest_route=\/wp\/v2\/pages\/36\/revisions"}],"predecessor-version":[{"id":131,"href":"http:\/\/www.alfonso-online.de\/index.php?rest_route=\/wp\/v2\/pages\/36\/revisions\/131"}],"wp:attachment":[{"href":"http:\/\/www.alfonso-online.de\/index.php?rest_route=%2Fwp%2Fv2%2Fmedia&parent=36"}],"curies":[{"name":"wp","href":"https:\/\/api.w.org\/{rel}","templated":true}]}}